{"id":240,"date":"2021-11-22T23:28:33","date_gmt":"2021-11-22T22:28:33","guid":{"rendered":"http:\/\/lcdm.ovh\/?page_id=240"},"modified":"2022-01-22T16:35:39","modified_gmt":"2022-01-22T15:35:39","slug":"mes-lectures-et-mes-formations","status":"publish","type":"page","link":"https:\/\/lcdm.ovh\/?page_id=240","title":{"rendered":"Mes lectures et mes formations"},"content":{"rendered":"\n<p>Pour mieux m&#8217;accompagner et donc par extension mieux vous accompagner je lis et je me forme.<br>Sur cette page vous aurez une liste non exhaustive de mon &#8220;parcours&#8221;<br><br><\/p>\n\n\n\n<p><strong>MES LECTURES<\/strong><\/p>\n\n\n\n<p>Elles sont nombreuses, mais je peux ou doit en citer quelque unes \ud83d\ude42<br><br>Mati\u00e8re \u00e0 contredire &#8220;Etienne KLEIN&#8221;<br>Devenir super-conscient &#8220;Joe DISPENZA&#8221;<br>Le tantra de la reconnaissance de soi &#8220;David DUBOIS&#8221;<br>Hatha-yoga-Prad\u00eepik\u00e2 &#8220;Tara MICHAEL&#8221;<br>Et tant et plus \ud83d\ude09<\/p>\n\n\n\n<p><\/p>\n\n\n\n<p><\/p>\n\n\n\n<p><strong>MES FORMATIONS<br><\/strong><br>Mindfulness en &#8220;entreprise&#8221; &gt;  formation (mooc) finalis\u00e9e <\/p>\n\n\n\n<figure class=\"wp-block-image size-full is-resized\"><img loading=\"lazy\" decoding=\"async\" src=\"http:\/\/lcdm.ovh\/wp-content\/uploads\/2021\/11\/image-1.png\" alt=\"\" class=\"wp-image-242\" width=\"162\" height=\"229\" srcset=\"https:\/\/lcdm.ovh\/wp-content\/uploads\/2021\/11\/image-1.png 283w, https:\/\/lcdm.ovh\/wp-content\/uploads\/2021\/11\/image-1-212x300.png 212w, https:\/\/lcdm.ovh\/wp-content\/uploads\/2021\/11\/image-1-1x1.png 1w\" sizes=\"auto, (max-width: 162px) 100vw, 162px\" \/><figcaption>Formation gratuite propos\u00e9e par https:\/\/bpifrance-universite.lms.crossknowledge.com\/<br><br><br><br>Devenir &#8220;coach&#8221; en m\u00e9ditation &gt; formation finalis\u00e9e<\/figcaption><\/figure>\n\n\n\n<figure class=\"wp-block-image size-large is-resized\"><img loading=\"lazy\" decoding=\"async\" src=\"http:\/\/lcdm.ovh\/wp-content\/uploads\/2021\/11\/image-6-1024x721.png\" alt=\"\" class=\"wp-image-255\" width=\"432\" height=\"304\" srcset=\"https:\/\/lcdm.ovh\/wp-content\/uploads\/2021\/11\/image-6-1024x721.png 1024w, https:\/\/lcdm.ovh\/wp-content\/uploads\/2021\/11\/image-6-300x211.png 300w, https:\/\/lcdm.ovh\/wp-content\/uploads\/2021\/11\/image-6-768x541.png 768w, https:\/\/lcdm.ovh\/wp-content\/uploads\/2021\/11\/image-6-1x1.png 1w, https:\/\/lcdm.ovh\/wp-content\/uploads\/2021\/11\/image-6.png 1146w\" sizes=\"auto, (max-width: 432px) 100vw, 432px\" \/><figcaption>Formation payante propos\u00e9e par <a href=\"https:\/\/meformer.com\/\">meforme.com<\/a><\/figcaption><\/figure>\n\n\n\n<p>Premier cycle de 8 semaines &#8220;qualifiant&#8221; <\/p>\n\n\n\n<figure class=\"wp-block-image size-full is-resized\"><img loading=\"lazy\" decoding=\"async\" src=\"http:\/\/lcdm.ovh\/wp-content\/uploads\/2021\/11\/image-3.png\" alt=\"\" class=\"wp-image-244\" width=\"414\" height=\"292\" srcset=\"https:\/\/lcdm.ovh\/wp-content\/uploads\/2021\/11\/image-3.png 994w, https:\/\/lcdm.ovh\/wp-content\/uploads\/2021\/11\/image-3-300x212.png 300w, https:\/\/lcdm.ovh\/wp-content\/uploads\/2021\/11\/image-3-768x542.png 768w, https:\/\/lcdm.ovh\/wp-content\/uploads\/2021\/11\/image-3-1x1.png 1w\" sizes=\"auto, (max-width: 414px) 100vw, 414px\" \/><figcaption>Formation payante donn\u00e9e par https:\/\/espacedelasource.com\/ (instructeur certifi\u00e9 par https:\/\/www.association-mindfulness.org\/) <\/figcaption><\/figure>\n\n\n\n<p> Deuxi\u00e8me cycle de 5 jours &#8220;qualifiant&#8221; &gt; en cours de pr\u00e9paration :p<\/p>\n\n\n\n<figure class=\"wp-block-image size-full is-resized\"><img loading=\"lazy\" decoding=\"async\" src=\"http:\/\/lcdm.ovh\/wp-content\/uploads\/2022\/01\/image.png\" alt=\"\" class=\"wp-image-281\" width=\"440\" height=\"318\" srcset=\"https:\/\/lcdm.ovh\/wp-content\/uploads\/2022\/01\/image.png 1021w, https:\/\/lcdm.ovh\/wp-content\/uploads\/2022\/01\/image-300x217.png 300w, https:\/\/lcdm.ovh\/wp-content\/uploads\/2022\/01\/image-768x557.png 768w, https:\/\/lcdm.ovh\/wp-content\/uploads\/2022\/01\/image-1x1.png 1w\" sizes=\"auto, (max-width: 440px) 100vw, 440px\" \/><figcaption> Formation payante propos\u00e9e par le sur le site Udemy.<br>Formation g\u00e9n\u00e9raliste<\/figcaption><\/figure>\n","protected":false},"excerpt":{"rendered":"<p>Pour mieux m&#8217;accompagner et donc par extension mieux vous accompagner je lis et je me forme.Sur cette page vous aurez une liste non exhaustive de mon &#8220;parcours&#8221; MES LECTURES Elles sont nombreuses, mais je peux ou doit en citer quelque unes \ud83d\ude42 Mati\u00e8re \u00e0 contredire &#8220;Etienne KLEIN&#8221;Devenir super-conscient &#8220;Joe DISPENZA&#8221;Le tantra de la reconnaissance de soi &#8220;David DUBOIS&#8221;Hatha-yoga-Prad\u00eepik\u00e2 &#8220;Tara MICHAEL&#8221;Et tant et plus \ud83d\ude09 MES FORMATIONSMindfulness en &#8220;entreprise&#8221; &gt; formation (mooc) finalis\u00e9e Premier cycle de 8 semaines &#8220;qualifiant&#8221; Deuxi\u00e8me cycle&#8230;<\/p>\n<p class=\"read-more\"><a class=\"btn btn-default\" href=\"https:\/\/lcdm.ovh\/?page_id=240\"> Read More<span class=\"screen-reader-text\">  Read More<\/span><\/a><\/p>\n","protected":false},"author":1,"featured_media":0,"parent":0,"menu_order":0,"comment_status":"closed","ping_status":"closed","template":"","meta":{"footnotes":""},"class_list":["post-240","page","type-page","status-publish","hentry"],"yoast_head":"<!-- This site is optimized with the Yoast SEO plugin v27.4 - https:\/\/yoast.com\/product\/yoast-seo-wordpress\/ -->\n<title>Mes lectures et mes formations - Les Chroniques D&#039;un M\u00e9ditant<\/title>\n<meta name=\"robots\" content=\"index, follow, max-snippet:-1, max-image-preview:large, max-video-preview:-1\" \/>\n<link rel=\"canonical\" href=\"https:\/\/lcdm.ovh\/?page_id=240\" \/>\n<meta property=\"og:locale\" content=\"en_US\" \/>\n<meta property=\"og:type\" content=\"article\" \/>\n<meta property=\"og:title\" content=\"Mes lectures et mes formations - Les Chroniques D&#039;un M\u00e9ditant\" \/>\n<meta property=\"og:description\" content=\"Pour mieux m&#8217;accompagner et donc par extension mieux vous accompagner je lis et je me forme.Sur cette page vous aurez une liste non exhaustive de mon &#8220;parcours&#8221; MES LECTURES Elles sont nombreuses, mais je peux ou doit en citer quelque unes \ud83d\ude42 Mati\u00e8re \u00e0 contredire &#8220;Etienne KLEIN&#8221;Devenir super-conscient &#8220;Joe DISPENZA&#8221;Le tantra de la reconnaissance de soi &#8220;David DUBOIS&#8221;Hatha-yoga-Prad\u00eepik\u00e2 &#8220;Tara MICHAEL&#8221;Et tant et plus \ud83d\ude09 MES FORMATIONSMindfulness en &#8220;entreprise&#8221; &gt; formation (mooc) finalis\u00e9e Premier cycle de 8 semaines &#8220;qualifiant&#8221; Deuxi\u00e8me cycle... Read More Read More\" \/>\n<meta property=\"og:url\" content=\"https:\/\/lcdm.ovh\/?page_id=240\" \/>\n<meta property=\"og:site_name\" content=\"Les Chroniques D&#039;un M\u00e9ditant\" \/>\n<meta property=\"article:modified_time\" content=\"2022-01-22T15:35:39+00:00\" \/>\n<meta property=\"og:image\" content=\"http:\/\/lcdm.ovh\/wp-content\/uploads\/2021\/11\/image-1.png\" \/>\n<meta name=\"twitter:card\" content=\"summary_large_image\" \/>\n<meta name=\"twitter:site\" content=\"@un_meditant\" \/>\n<meta name=\"twitter:label1\" content=\"Est. reading time\" \/>\n\t<meta name=\"twitter:data1\" content=\"1 minute\" \/>\n<script type=\"application\/ld+json\" class=\"yoast-schema-graph\">{\"@context\":\"https:\\\/\\\/schema.org\",\"@graph\":[{\"@type\":\"WebPage\",\"@id\":\"https:\\\/\\\/lcdm.ovh\\\/?page_id=240\",\"url\":\"https:\\\/\\\/lcdm.ovh\\\/?page_id=240\",\"name\":\"Mes lectures et mes formations - Les Chroniques D&#039;un M\u00e9ditant\",\"isPartOf\":{\"@id\":\"https:\\\/\\\/lcdm.ovh\\\/#website\"},\"primaryImageOfPage\":{\"@id\":\"https:\\\/\\\/lcdm.ovh\\\/?page_id=240#primaryimage\"},\"image\":{\"@id\":\"https:\\\/\\\/lcdm.ovh\\\/?page_id=240#primaryimage\"},\"thumbnailUrl\":\"http:\\\/\\\/lcdm.ovh\\\/wp-content\\\/uploads\\\/2021\\\/11\\\/image-1.png\",\"datePublished\":\"2021-11-22T22:28:33+00:00\",\"dateModified\":\"2022-01-22T15:35:39+00:00\",\"breadcrumb\":{\"@id\":\"https:\\\/\\\/lcdm.ovh\\\/?page_id=240#breadcrumb\"},\"inLanguage\":\"en-US\",\"potentialAction\":[{\"@type\":\"ReadAction\",\"target\":[\"https:\\\/\\\/lcdm.ovh\\\/?page_id=240\"]}]},{\"@type\":\"ImageObject\",\"inLanguage\":\"en-US\",\"@id\":\"https:\\\/\\\/lcdm.ovh\\\/?page_id=240#primaryimage\",\"url\":\"https:\\\/\\\/lcdm.ovh\\\/wp-content\\\/uploads\\\/2021\\\/11\\\/image-1.png\",\"contentUrl\":\"https:\\\/\\\/lcdm.ovh\\\/wp-content\\\/uploads\\\/2021\\\/11\\\/image-1.png\",\"width\":283,\"height\":400},{\"@type\":\"BreadcrumbList\",\"@id\":\"https:\\\/\\\/lcdm.ovh\\\/?page_id=240#breadcrumb\",\"itemListElement\":[{\"@type\":\"ListItem\",\"position\":1,\"name\":\"Home\",\"item\":\"https:\\\/\\\/lcdm.ovh\\\/\"},{\"@type\":\"ListItem\",\"position\":2,\"name\":\"Mes lectures et mes formations\"}]},{\"@type\":\"WebSite\",\"@id\":\"https:\\\/\\\/lcdm.ovh\\\/#website\",\"url\":\"https:\\\/\\\/lcdm.ovh\\\/\",\"name\":\"Les Chroniques D'un M\u00e9ditant\",\"description\":\"\",\"publisher\":{\"@id\":\"https:\\\/\\\/lcdm.ovh\\\/#\\\/schema\\\/person\\\/f19bab5f04f38f4c03265a711c4c4b15\"},\"potentialAction\":[{\"@type\":\"SearchAction\",\"target\":{\"@type\":\"EntryPoint\",\"urlTemplate\":\"https:\\\/\\\/lcdm.ovh\\\/?s={search_term_string}\"},\"query-input\":{\"@type\":\"PropertyValueSpecification\",\"valueRequired\":true,\"valueName\":\"search_term_string\"}}],\"inLanguage\":\"en-US\"},{\"@type\":[\"Person\",\"Organization\"],\"@id\":\"https:\\\/\\\/lcdm.ovh\\\/#\\\/schema\\\/person\\\/f19bab5f04f38f4c03265a711c4c4b15\",\"name\":\"nansowood\",\"image\":{\"@type\":\"ImageObject\",\"inLanguage\":\"en-US\",\"@id\":\"http:\\\/\\\/lcdm.ovh\\\/wp-content\\\/uploads\\\/2021\\\/11\\\/cropped-manifeste-onenation_chakra2-2.png\",\"url\":\"http:\\\/\\\/lcdm.ovh\\\/wp-content\\\/uploads\\\/2021\\\/11\\\/cropped-manifeste-onenation_chakra2-2.png\",\"contentUrl\":\"http:\\\/\\\/lcdm.ovh\\\/wp-content\\\/uploads\\\/2021\\\/11\\\/cropped-manifeste-onenation_chakra2-2.png\",\"width\":512,\"height\":512,\"caption\":\"nansowood\"},\"logo\":{\"@id\":\"http:\\\/\\\/lcdm.ovh\\\/wp-content\\\/uploads\\\/2021\\\/11\\\/cropped-manifeste-onenation_chakra2-2.png\"},\"sameAs\":[\"http:\\\/\\\/lcdm.ovh\",\"https:\\\/\\\/x.com\\\/@un_meditant\",\"https:\\\/\\\/www.youtube.com\\\/@Leschroniquesdunmditant\"]}]}<\/script>\n<!-- \/ Yoast SEO plugin. -->","yoast_head_json":{"title":"Mes lectures et mes formations - Les Chroniques D&#039;un M\u00e9ditant","robots":{"index":"index","follow":"follow","max-snippet":"max-snippet:-1","max-image-preview":"max-image-preview:large","max-video-preview":"max-video-preview:-1"},"canonical":"https:\/\/lcdm.ovh\/?page_id=240","og_locale":"en_US","og_type":"article","og_title":"Mes lectures et mes formations - Les Chroniques D&#039;un M\u00e9ditant","og_description":"Pour mieux m&#8217;accompagner et donc par extension mieux vous accompagner je lis et je me forme.Sur cette page vous aurez une liste non exhaustive de mon &#8220;parcours&#8221; MES LECTURES Elles sont nombreuses, mais je peux ou doit en citer quelque unes \ud83d\ude42 Mati\u00e8re \u00e0 contredire &#8220;Etienne KLEIN&#8221;Devenir super-conscient &#8220;Joe DISPENZA&#8221;Le tantra de la reconnaissance de soi &#8220;David DUBOIS&#8221;Hatha-yoga-Prad\u00eepik\u00e2 &#8220;Tara MICHAEL&#8221;Et tant et plus \ud83d\ude09 MES FORMATIONSMindfulness en &#8220;entreprise&#8221; &gt; formation (mooc) finalis\u00e9e Premier cycle de 8 semaines &#8220;qualifiant&#8221; Deuxi\u00e8me cycle... Read More Read More","og_url":"https:\/\/lcdm.ovh\/?page_id=240","og_site_name":"Les Chroniques D&#039;un M\u00e9ditant","article_modified_time":"2022-01-22T15:35:39+00:00","og_image":[{"url":"http:\/\/lcdm.ovh\/wp-content\/uploads\/2021\/11\/image-1.png","type":"","width":"","height":""}],"twitter_card":"summary_large_image","twitter_site":"@un_meditant","twitter_misc":{"Est. reading time":"1 minute"},"schema":{"@context":"https:\/\/schema.org","@graph":[{"@type":"WebPage","@id":"https:\/\/lcdm.ovh\/?page_id=240","url":"https:\/\/lcdm.ovh\/?page_id=240","name":"Mes lectures et mes formations - Les Chroniques D&#039;un M\u00e9ditant","isPartOf":{"@id":"https:\/\/lcdm.ovh\/#website"},"primaryImageOfPage":{"@id":"https:\/\/lcdm.ovh\/?page_id=240#primaryimage"},"image":{"@id":"https:\/\/lcdm.ovh\/?page_id=240#primaryimage"},"thumbnailUrl":"http:\/\/lcdm.ovh\/wp-content\/uploads\/2021\/11\/image-1.png","datePublished":"2021-11-22T22:28:33+00:00","dateModified":"2022-01-22T15:35:39+00:00","breadcrumb":{"@id":"https:\/\/lcdm.ovh\/?page_id=240#breadcrumb"},"inLanguage":"en-US","potentialAction":[{"@type":"ReadAction","target":["https:\/\/lcdm.ovh\/?page_id=240"]}]},{"@type":"ImageObject","inLanguage":"en-US","@id":"https:\/\/lcdm.ovh\/?page_id=240#primaryimage","url":"https:\/\/lcdm.ovh\/wp-content\/uploads\/2021\/11\/image-1.png","contentUrl":"https:\/\/lcdm.ovh\/wp-content\/uploads\/2021\/11\/image-1.png","width":283,"height":400},{"@type":"BreadcrumbList","@id":"https:\/\/lcdm.ovh\/?page_id=240#breadcrumb","itemListElement":[{"@type":"ListItem","position":1,"name":"Home","item":"https:\/\/lcdm.ovh\/"},{"@type":"ListItem","position":2,"name":"Mes lectures et mes formations"}]},{"@type":"WebSite","@id":"https:\/\/lcdm.ovh\/#website","url":"https:\/\/lcdm.ovh\/","name":"Les Chroniques D'un M\u00e9ditant","description":"","publisher":{"@id":"https:\/\/lcdm.ovh\/#\/schema\/person\/f19bab5f04f38f4c03265a711c4c4b15"},"potentialAction":[{"@type":"SearchAction","target":{"@type":"EntryPoint","urlTemplate":"https:\/\/lcdm.ovh\/?s={search_term_string}"},"query-input":{"@type":"PropertyValueSpecification","valueRequired":true,"valueName":"search_term_string"}}],"inLanguage":"en-US"},{"@type":["Person","Organization"],"@id":"https:\/\/lcdm.ovh\/#\/schema\/person\/f19bab5f04f38f4c03265a711c4c4b15","name":"nansowood","image":{"@type":"ImageObject","inLanguage":"en-US","@id":"http:\/\/lcdm.ovh\/wp-content\/uploads\/2021\/11\/cropped-manifeste-onenation_chakra2-2.png","url":"http:\/\/lcdm.ovh\/wp-content\/uploads\/2021\/11\/cropped-manifeste-onenation_chakra2-2.png","contentUrl":"http:\/\/lcdm.ovh\/wp-content\/uploads\/2021\/11\/cropped-manifeste-onenation_chakra2-2.png","width":512,"height":512,"caption":"nansowood"},"logo":{"@id":"http:\/\/lcdm.ovh\/wp-content\/uploads\/2021\/11\/cropped-manifeste-onenation_chakra2-2.png"},"sameAs":["http:\/\/lcdm.ovh","https:\/\/x.com\/@un_meditant","https:\/\/www.youtube.com\/@Leschroniquesdunmditant"]}]}},"_links":{"self":[{"href":"https:\/\/lcdm.ovh\/index.php?rest_route=\/wp\/v2\/pages\/240","targetHints":{"allow":["GET"]}}],"collection":[{"href":"https:\/\/lcdm.ovh\/index.php?rest_route=\/wp\/v2\/pages"}],"about":[{"href":"https:\/\/lcdm.ovh\/index.php?rest_route=\/wp\/v2\/types\/page"}],"author":[{"embeddable":true,"href":"https:\/\/lcdm.ovh\/index.php?rest_route=\/wp\/v2\/users\/1"}],"replies":[{"embeddable":true,"href":"https:\/\/lcdm.ovh\/index.php?rest_route=%2Fwp%2Fv2%2Fcomments&post=240"}],"version-history":[{"count":4,"href":"https:\/\/lcdm.ovh\/index.php?rest_route=\/wp\/v2\/pages\/240\/revisions"}],"predecessor-version":[{"id":283,"href":"https:\/\/lcdm.ovh\/index.php?rest_route=\/wp\/v2\/pages\/240\/revisions\/283"}],"wp:attachment":[{"href":"https:\/\/lcdm.ovh\/index.php?rest_route=%2Fwp%2Fv2%2Fmedia&parent=240"}],"curies":[{"name":"wp","href":"https:\/\/api.w.org\/{rel}","templated":true}]}}