{"id":55,"date":"2021-11-15T17:41:31","date_gmt":"2021-11-15T16:41:31","guid":{"rendered":"http:\/\/lcdm.ovh\/?page_id=55"},"modified":"2024-05-31T09:56:34","modified_gmt":"2024-05-31T07:56:34","slug":"les-saisons","status":"publish","type":"page","link":"https:\/\/lcdm.ovh\/?page_id=55","title":{"rendered":"les saisons"},"content":{"rendered":"\n<p>Attention le podcast diffuse de l&#8217;\u00e9pisode le plus r\u00e9cent au plus vieux.<br><\/p>\n\n\n\n<p><strong>SAISON 1 : La respiration<\/strong> (11 \u00e9pisodes)<br><a href=\"https:\/\/meditation-meschroniques.lepodcast.fr\/page\/1\" target=\"_blank\" rel=\"noreferrer noopener\"><strong>https:\/\/meditation-meschroniques.lepodcast.fr\/page\/1<\/strong><\/a><\/p>\n\n\n\n<p><\/p>\n\n\n\n<p><br>C&#8217;est la base de tout et c&#8217;est surtout la base de VOUS.<br>La base, mais une base bien trop souvent rel\u00e9guer \u00e0 un simple mouvement automatique.<br>Il faut maintenant reprendre votre respiration en main afin de reprendre votre vie en main<\/p>\n\n\n\n<p><\/p>\n\n\n\n<p><\/p>\n\n\n\n<p><strong>SAISON 2 : L&#8217;esprit<\/strong> (6 \u00e9pisodes) <br><a href=\"https:\/\/meditation-meschroniques.lepodcast.fr\/page\/2\" target=\"_blank\" rel=\"noreferrer noopener\"><strong>https:\/\/meditation-meschroniques.lepodcast.fr\/page\/2<\/strong><\/a><\/p>\n\n\n\n<p><\/p>\n\n\n\n<p><\/p>\n\n\n\n<p>C&#8217;est aussi vous et autant pr\u00e9sent, mais c&#8217;est \u00e0 g\u00e9rer diff\u00e9remment.<br>J&#8217;essaie dans cette saison de vous faire prendre conscience de cette pr\u00e9sence et j&#8217;essaie de vous donner les outils pour calmer cette petite voix que nous avons tous en nous.<\/p>\n\n\n\n<p><\/p>\n\n\n\n<p><\/p>\n\n\n\n<p><strong>SAISON 3  : Le corps<\/strong> (8 \u00e9pisodes)<br><a href=\"https:\/\/meditation-meschroniques.lepodcast.fr\/page\/4\" target=\"_blank\" rel=\"noreferrer noopener\"><strong>https:\/\/meditation-meschroniques.lepodcast.fr\/page\/4<\/strong><\/a><\/p>\n\n\n\n<p><\/p>\n\n\n\n<p><\/p>\n\n\n\n<p>La plus douloureuse des saisons pour ceux qui pensait ne pratiquer que l&#8217;esprit. \ud83d\ude42<br>Mais tout aussi indispensable croyez-moi<\/p>\n\n\n\n<p><\/p>\n\n\n\n<p><strong>SAISON 4  : La naissance du m\u00e9ditant<\/strong> (Mise en ligne actuellement)<\/p>\n\n\n\n<p><a href=\"https:\/\/meditation-meschroniques.lepodcast.fr\/page\/6\"><strong>https:\/\/meditation-meschroniques.lepodcast.fr\/page\/6<\/strong><\/a><\/p>\n\n\n\n<p>Cette saison est une histoire qui permet de s&#8217;ouvrir sur d&#8217;autre paradigme.<\/p>\n\n\n\n<p><\/p>\n\n\n\n<p><\/p>\n\n\n\n<p><\/p>\n\n\n\n<p><\/p>\n\n\n\n<p><\/p>\n","protected":false},"excerpt":{"rendered":"<p>Attention le podcast diffuse de l&#8217;\u00e9pisode le plus r\u00e9cent au plus vieux. SAISON 1 : La respiration (11 \u00e9pisodes)https:\/\/meditation-meschroniques.lepodcast.fr\/page\/1 C&#8217;est la base de tout et c&#8217;est surtout la base de VOUS.La base, mais une base bien trop souvent rel\u00e9guer \u00e0 un simple mouvement automatique.Il faut maintenant reprendre votre respiration en main afin de reprendre votre vie en main SAISON 2 : L&#8217;esprit (6 \u00e9pisodes) https:\/\/meditation-meschroniques.lepodcast.fr\/page\/2 C&#8217;est aussi vous et autant pr\u00e9sent, mais c&#8217;est \u00e0 g\u00e9rer diff\u00e9remment.J&#8217;essaie dans cette saison de&#8230;<\/p>\n<p class=\"read-more\"><a class=\"btn btn-default\" href=\"https:\/\/lcdm.ovh\/?page_id=55\"> Read More<span class=\"screen-reader-text\">  Read More<\/span><\/a><\/p>\n","protected":false},"author":1,"featured_media":0,"parent":0,"menu_order":0,"comment_status":"closed","ping_status":"closed","template":"","meta":{"footnotes":""},"class_list":["post-55","page","type-page","status-publish","hentry"],"yoast_head":"<!-- This site is optimized with the Yoast SEO plugin v27.4 - https:\/\/yoast.com\/product\/yoast-seo-wordpress\/ -->\n<title>les saisons - Les Chroniques D&#039;un M\u00e9ditant<\/title>\n<meta name=\"robots\" content=\"index, follow, max-snippet:-1, max-image-preview:large, max-video-preview:-1\" \/>\n<link rel=\"canonical\" href=\"http:\/\/lcdm.ovh\/?page_id=55\" \/>\n<meta property=\"og:locale\" content=\"en_US\" \/>\n<meta property=\"og:type\" content=\"article\" \/>\n<meta property=\"og:title\" content=\"les saisons - Les Chroniques D&#039;un M\u00e9ditant\" \/>\n<meta property=\"og:description\" content=\"Attention le podcast diffuse de l&#8217;\u00e9pisode le plus r\u00e9cent au plus vieux. SAISON 1 : La respiration (11 \u00e9pisodes)https:\/\/meditation-meschroniques.lepodcast.fr\/page\/1 C&#8217;est la base de tout et c&#8217;est surtout la base de VOUS.La base, mais une base bien trop souvent rel\u00e9guer \u00e0 un simple mouvement automatique.Il faut maintenant reprendre votre respiration en main afin de reprendre votre vie en main SAISON 2 : L&#8217;esprit (6 \u00e9pisodes) https:\/\/meditation-meschroniques.lepodcast.fr\/page\/2 C&#8217;est aussi vous et autant pr\u00e9sent, mais c&#8217;est \u00e0 g\u00e9rer diff\u00e9remment.J&#8217;essaie dans cette saison de... Read More Read More\" \/>\n<meta property=\"og:url\" content=\"http:\/\/lcdm.ovh\/?page_id=55\" \/>\n<meta property=\"og:site_name\" content=\"Les Chroniques D&#039;un M\u00e9ditant\" \/>\n<meta property=\"article:modified_time\" content=\"2024-05-31T07:56:34+00:00\" \/>\n<meta name=\"twitter:card\" content=\"summary_large_image\" \/>\n<meta name=\"twitter:site\" content=\"@un_meditant\" \/>\n<meta name=\"twitter:label1\" content=\"Est. reading time\" \/>\n\t<meta name=\"twitter:data1\" content=\"1 minute\" \/>\n<script type=\"application\/ld+json\" class=\"yoast-schema-graph\">{\"@context\":\"https:\\\/\\\/schema.org\",\"@graph\":[{\"@type\":\"WebPage\",\"@id\":\"http:\\\/\\\/lcdm.ovh\\\/?page_id=55\",\"url\":\"http:\\\/\\\/lcdm.ovh\\\/?page_id=55\",\"name\":\"les saisons - Les Chroniques D&#039;un M\u00e9ditant\",\"isPartOf\":{\"@id\":\"http:\\\/\\\/lcdm.ovh\\\/#website\"},\"datePublished\":\"2021-11-15T16:41:31+00:00\",\"dateModified\":\"2024-05-31T07:56:34+00:00\",\"breadcrumb\":{\"@id\":\"http:\\\/\\\/lcdm.ovh\\\/?page_id=55#breadcrumb\"},\"inLanguage\":\"en-US\",\"potentialAction\":[{\"@type\":\"ReadAction\",\"target\":[\"http:\\\/\\\/lcdm.ovh\\\/?page_id=55\"]}]},{\"@type\":\"BreadcrumbList\",\"@id\":\"http:\\\/\\\/lcdm.ovh\\\/?page_id=55#breadcrumb\",\"itemListElement\":[{\"@type\":\"ListItem\",\"position\":1,\"name\":\"Home\",\"item\":\"http:\\\/\\\/lcdm.ovh\\\/\"},{\"@type\":\"ListItem\",\"position\":2,\"name\":\"les saisons\"}]},{\"@type\":\"WebSite\",\"@id\":\"http:\\\/\\\/lcdm.ovh\\\/#website\",\"url\":\"http:\\\/\\\/lcdm.ovh\\\/\",\"name\":\"Les Chroniques D'un M\u00e9ditant\",\"description\":\"\",\"publisher\":{\"@id\":\"http:\\\/\\\/lcdm.ovh\\\/#\\\/schema\\\/person\\\/f19bab5f04f38f4c03265a711c4c4b15\"},\"potentialAction\":[{\"@type\":\"SearchAction\",\"target\":{\"@type\":\"EntryPoint\",\"urlTemplate\":\"http:\\\/\\\/lcdm.ovh\\\/?s={search_term_string}\"},\"query-input\":{\"@type\":\"PropertyValueSpecification\",\"valueRequired\":true,\"valueName\":\"search_term_string\"}}],\"inLanguage\":\"en-US\"},{\"@type\":[\"Person\",\"Organization\"],\"@id\":\"http:\\\/\\\/lcdm.ovh\\\/#\\\/schema\\\/person\\\/f19bab5f04f38f4c03265a711c4c4b15\",\"name\":\"nansowood\",\"image\":{\"@type\":\"ImageObject\",\"inLanguage\":\"en-US\",\"@id\":\"http:\\\/\\\/lcdm.ovh\\\/wp-content\\\/uploads\\\/2021\\\/11\\\/cropped-manifeste-onenation_chakra2-2.png\",\"url\":\"http:\\\/\\\/lcdm.ovh\\\/wp-content\\\/uploads\\\/2021\\\/11\\\/cropped-manifeste-onenation_chakra2-2.png\",\"contentUrl\":\"http:\\\/\\\/lcdm.ovh\\\/wp-content\\\/uploads\\\/2021\\\/11\\\/cropped-manifeste-onenation_chakra2-2.png\",\"width\":512,\"height\":512,\"caption\":\"nansowood\"},\"logo\":{\"@id\":\"http:\\\/\\\/lcdm.ovh\\\/wp-content\\\/uploads\\\/2021\\\/11\\\/cropped-manifeste-onenation_chakra2-2.png\"},\"sameAs\":[\"http:\\\/\\\/lcdm.ovh\",\"https:\\\/\\\/x.com\\\/@un_meditant\",\"https:\\\/\\\/www.youtube.com\\\/@Leschroniquesdunmditant\"]}]}<\/script>\n<!-- \/ Yoast SEO plugin. -->","yoast_head_json":{"title":"les saisons - Les Chroniques D&#039;un M\u00e9ditant","robots":{"index":"index","follow":"follow","max-snippet":"max-snippet:-1","max-image-preview":"max-image-preview:large","max-video-preview":"max-video-preview:-1"},"canonical":"http:\/\/lcdm.ovh\/?page_id=55","og_locale":"en_US","og_type":"article","og_title":"les saisons - Les Chroniques D&#039;un M\u00e9ditant","og_description":"Attention le podcast diffuse de l&#8217;\u00e9pisode le plus r\u00e9cent au plus vieux. SAISON 1 : La respiration (11 \u00e9pisodes)https:\/\/meditation-meschroniques.lepodcast.fr\/page\/1 C&#8217;est la base de tout et c&#8217;est surtout la base de VOUS.La base, mais une base bien trop souvent rel\u00e9guer \u00e0 un simple mouvement automatique.Il faut maintenant reprendre votre respiration en main afin de reprendre votre vie en main SAISON 2 : L&#8217;esprit (6 \u00e9pisodes) https:\/\/meditation-meschroniques.lepodcast.fr\/page\/2 C&#8217;est aussi vous et autant pr\u00e9sent, mais c&#8217;est \u00e0 g\u00e9rer diff\u00e9remment.J&#8217;essaie dans cette saison de... Read More Read More","og_url":"http:\/\/lcdm.ovh\/?page_id=55","og_site_name":"Les Chroniques D&#039;un M\u00e9ditant","article_modified_time":"2024-05-31T07:56:34+00:00","twitter_card":"summary_large_image","twitter_site":"@un_meditant","twitter_misc":{"Est. reading time":"1 minute"},"schema":{"@context":"https:\/\/schema.org","@graph":[{"@type":"WebPage","@id":"http:\/\/lcdm.ovh\/?page_id=55","url":"http:\/\/lcdm.ovh\/?page_id=55","name":"les saisons - Les Chroniques D&#039;un M\u00e9ditant","isPartOf":{"@id":"http:\/\/lcdm.ovh\/#website"},"datePublished":"2021-11-15T16:41:31+00:00","dateModified":"2024-05-31T07:56:34+00:00","breadcrumb":{"@id":"http:\/\/lcdm.ovh\/?page_id=55#breadcrumb"},"inLanguage":"en-US","potentialAction":[{"@type":"ReadAction","target":["http:\/\/lcdm.ovh\/?page_id=55"]}]},{"@type":"BreadcrumbList","@id":"http:\/\/lcdm.ovh\/?page_id=55#breadcrumb","itemListElement":[{"@type":"ListItem","position":1,"name":"Home","item":"http:\/\/lcdm.ovh\/"},{"@type":"ListItem","position":2,"name":"les saisons"}]},{"@type":"WebSite","@id":"http:\/\/lcdm.ovh\/#website","url":"http:\/\/lcdm.ovh\/","name":"Les Chroniques D'un M\u00e9ditant","description":"","publisher":{"@id":"http:\/\/lcdm.ovh\/#\/schema\/person\/f19bab5f04f38f4c03265a711c4c4b15"},"potentialAction":[{"@type":"SearchAction","target":{"@type":"EntryPoint","urlTemplate":"http:\/\/lcdm.ovh\/?s={search_term_string}"},"query-input":{"@type":"PropertyValueSpecification","valueRequired":true,"valueName":"search_term_string"}}],"inLanguage":"en-US"},{"@type":["Person","Organization"],"@id":"http:\/\/lcdm.ovh\/#\/schema\/person\/f19bab5f04f38f4c03265a711c4c4b15","name":"nansowood","image":{"@type":"ImageObject","inLanguage":"en-US","@id":"http:\/\/lcdm.ovh\/wp-content\/uploads\/2021\/11\/cropped-manifeste-onenation_chakra2-2.png","url":"http:\/\/lcdm.ovh\/wp-content\/uploads\/2021\/11\/cropped-manifeste-onenation_chakra2-2.png","contentUrl":"http:\/\/lcdm.ovh\/wp-content\/uploads\/2021\/11\/cropped-manifeste-onenation_chakra2-2.png","width":512,"height":512,"caption":"nansowood"},"logo":{"@id":"http:\/\/lcdm.ovh\/wp-content\/uploads\/2021\/11\/cropped-manifeste-onenation_chakra2-2.png"},"sameAs":["http:\/\/lcdm.ovh","https:\/\/x.com\/@un_meditant","https:\/\/www.youtube.com\/@Leschroniquesdunmditant"]}]}},"_links":{"self":[{"href":"https:\/\/lcdm.ovh\/index.php?rest_route=\/wp\/v2\/pages\/55","targetHints":{"allow":["GET"]}}],"collection":[{"href":"https:\/\/lcdm.ovh\/index.php?rest_route=\/wp\/v2\/pages"}],"about":[{"href":"https:\/\/lcdm.ovh\/index.php?rest_route=\/wp\/v2\/types\/page"}],"author":[{"embeddable":true,"href":"https:\/\/lcdm.ovh\/index.php?rest_route=\/wp\/v2\/users\/1"}],"replies":[{"embeddable":true,"href":"https:\/\/lcdm.ovh\/index.php?rest_route=%2Fwp%2Fv2%2Fcomments&post=55"}],"version-history":[{"count":13,"href":"https:\/\/lcdm.ovh\/index.php?rest_route=\/wp\/v2\/pages\/55\/revisions"}],"predecessor-version":[{"id":318,"href":"https:\/\/lcdm.ovh\/index.php?rest_route=\/wp\/v2\/pages\/55\/revisions\/318"}],"wp:attachment":[{"href":"https:\/\/lcdm.ovh\/index.php?rest_route=%2Fwp%2Fv2%2Fmedia&parent=55"}],"curies":[{"name":"wp","href":"https:\/\/api.w.org\/{rel}","templated":true}]}}